{"id":12019,"date":"2024-08-29T08:44:06","date_gmt":"2024-08-29T08:44:06","guid":{"rendered":"https:\/\/w-einkehr.at\/?page_id=12019"},"modified":"2025-01-23T10:14:05","modified_gmt":"2025-01-23T10:14:05","slug":"elementor-12019","status":"publish","type":"page","link":"https:\/\/w-einkehr.at\/en\/elementor-12019\/","title":{"rendered":"Data protection and imprint"},"content":{"rendered":"<div data-elementor-type=\"wp-page\" data-elementor-id=\"12019\" class=\"elementor elementor-12019\">\n\t\t\t\t<div class=\"elementor-element elementor-element-4b7906f e-flex e-con-boxed qodef-elementor-content-no e-con e-parent\" data-id=\"4b7906f\" data-element_type=\"container\" data-e-type=\"container\">\n\t\t\t\t\t<div class=\"e-con-inner\">\n\t\t\t\t<div class=\"elementor-element elementor-element-b15b731 elementor-widget elementor-widget-text-editor\" data-id=\"b15b731\" data-element_type=\"widget\" data-e-type=\"widget\" data-widget_type=\"text-editor.default\">\n\t\t\t\t\t\t\t\t\t<h3><span style=\"color: #ffffff;\"><strong>Impressum:<\/strong><\/span><\/h3>\n<h4>HAFTUNGSHINWEIS<\/h4>\n<h4>Kontaktdaten<\/h4>\n<p>Bacchus Weinbar FlexCo<\/p>\n<p>Firmenbuchnummer: 624163m<br>Telefon:&nbsp;&nbsp; +43 660 540 62 00<br>Web:&nbsp;&nbsp;&nbsp;&nbsp;&nbsp;&nbsp;&nbsp; www.w-einkehr.at<br>Rechtsform: Flexco<br>Gesch\u00e4ftsf\u00fchrer:&nbsp; Bernard Semin<br>Sonstige Informationen nach \u00a714 UGB<br>Unternehmensstandort: 1010 Wien, Sch\u00f6nlaterngasse 13<br>Postanschrift: 1010 Wien, Sch\u00f6nlaterngasse 13<br>Mitglied der Wirtschaftskammer Wien<\/p>\n<p>Offenlegung gem\u00e4\u00df \u00a725 Mediengesetz<br>Vinothek W-einkehr<br>Firmensitz (Ort der Hauptniederlassung) \u00d6sterreich, 1010 Wien, Sch\u00f6nlaterngasse 13<br>Unternehmensgegenstand Weinhandel -Weinbar<br>* Bitte beachten Sie bei Telefon- und Faxnummern die Vorwahlen; sollte es sich nicht um Ortsvorwahlen oder Vorwahlen von Mobilfunkbetreibern handeln, k\u00f6nnen -insbesondere bei Mehrwertdiensten &#8211; zus\u00e4tzliche Kosten entstehen.<\/p>\n<h4><strong>INHALT DES ONLINEANGEBOTES<\/strong><\/h4>\n<p>Vinothek W-einkehr bem\u00fcht sich, auf diesen Internetseiten richtige und vollst\u00e4ndige Informationen zur Verf\u00fcgung zu stellen. Alle Angaben wurden nach bestem Wissen erstellt und sorgf\u00e4ltig \u00fcberpr\u00fcft. Dennoch \u00fcbernimmt die \u201cVinothek W-einkehr\u201d keine Garantie oder Haftung f\u00fcr die Aktualit\u00e4t, Richtigkeit und Vollst\u00e4ndigkeit der bereitgestellten Informationen. Die \u201cVinothek W-einkehr\u201d beh\u00e4lt es sich vor, jederzeit Teile der Seiten oder das gesamte Angebot ohne vorherige Ank\u00fcndigung zu ver\u00e4ndern oder zu l\u00f6schen<\/p>\n<h4><strong>URHEBERRECHTE<\/strong><\/h4>\n<p>Der Inhalt dieser Internetseiten ist urheberrechtlich gesch\u00fctzt. Die Speicherung und Vervielf\u00e4ltigung von Bild- und Textmaterial ist ohne unsere ausdr\u00fcckliche Zustimmung grunds\u00e4tzlich nicht gestattet. Ausgenommen hiervon sind nur ausdr\u00fccklich autorisierte und durch Downloads zug\u00e4nglich gemachte Informationen, sofern seitens des Verwenders eine Quellenangabe (\u201cVinothek W-einkehr\u201d) erfolgt.<\/p>\n<h4><strong>DATENSCHUTZ<\/strong><\/h4>\n<p>Bei der Nutzung unseres Kontaktformulars ben\u00f6tigen wir von Ihnen einige Daten, damit wir die Anfrage korrekt bearbeiten k\u00f6nnen. Das Ausf\u00fcllen dieses Formulars und die Angabe dieser Daten ist freiwillig.<br>Vinothek W-einkehr wird diese Angaben vertraulich behandeln und nur f\u00fcr den eigenen Bedarf nutzen. Mit der \u00dcbersendung Ihrer Daten r\u00e4umen Sie uns ein Nutzungsrecht Ihrer Daten f\u00fcr eigene Werbeaktionen ein (z.B. Zusendung eines Newsletter, &#8230;). Diese Vereinbarung kann von Ihnen jederzeit, schriftlich (E-Mail-Form) widerrufen werden.<\/p>\n<h4><strong>RECHTSWIRKSAMKEIT<\/strong><\/h4>\n<p>Dieser Haftungsausschluss wurde nach bestem Wissen erstellt. Sofern einzelne Formulierungen der geltenden Rechtslage nicht mehr oder nicht vollst\u00e4ndig entsprechen sollten, bleiben die \u00fcbrigen Teile in ihrem Inhalt und ihrer G\u00fcltigkeit davon unber\u00fchrt.<\/p>\n<h4><strong>HAFTUNGSBESCHR\u00c4NKUNG F\u00dcR LINKS<\/strong><\/h4>\n<p>Vinothek W-einkehr hat keinerlei Einfluss auf die Urheberschaft, die Gestaltung und den Inhalt verlinkter \/ verkn\u00fcpfter Seiten.<br>Trotz sorgf\u00e4ltiger inhaltlicher Kontrolle vor einer Linksetzung \u00fcbernimmt die \u201cVinothek W-Einkehr\u201d keine Haftung f\u00fcr die Inhalte verlinkter \/ verkn\u00fcpfter Seiten. F\u00fcr die Inhalte der verlinkten Seiten und Sch\u00e4den, die aus deren Nutzung resultieren, sind ausschlie\u00dflich deren Anbieter verantwortlich.<br>Mit Urteil vom 12. Mai 1998 \u2013 312 O 85\/98 &#8211; &#8222;Haftung f\u00fcr Links&#8220; hat das Landgericht Hamburg entschieden, dass die Anbringung eines Links und die Inhalte der gelinkten Seite ggf. mit zu verantworten hat. Dies kann nur dadurch verhindert werden, dass man sich ausdr\u00fccklich von diesen Inhalten distanziert. Hiermit distanziert sich der Betreiber dieser Internetseite ausdr\u00fccklich von allen Inhalten aller gelinkten Seiten auf dieser Homepage und macht diese Inhalte nicht zu eigenen. Diese Erkl\u00e4rung gilt f\u00fcr alle auf dieser Homepage angebrachten Links.<br>Vinothek W-einkehr \u00fcbernimmt keine Haftung f\u00fcr Inhalte, die in irgendeiner Art auf einer anderen Internetseite angezeigt oder eingebunden ist.<\/p>\n<p>Sie erreichen uns unter folgenden Kontaktdaten:<br><span style=\"background-color: #102b2a;\">Bacchus Weinbar FlexCo<\/span><br>Sch\u00f6nlaterngasse 13<br>1010 Wien<br>Austria<br>Telefon +43 660 540 62 00<br>www.w-einkehr.at<\/p>\n<p>Datenschutz<\/p>\n<h4><strong>ERKL\u00c4RUNG ZUR INFORMATIONSPFLICHT<\/strong><\/h4>\n<p>Erkl\u00e4rung zur Informationspflicht<\/p>\n<p>Datenschutzerkl\u00e4rung<\/p>\n<p>In folgender Datenschutzerkl\u00e4rung informieren wir Sie \u00fcber die wichtigsten Aspekte der Datenverarbeitung im Rahmen unserer Webseite. Wir erheben und verarbeiten personenbezogene Daten nur auf Grundlage der gesetzlichen Bestimmungen (Datenschutzgrundverordnung, Telekommunikationsgesetz 2003).<\/p>\n<p>Sobald Sie als Benutzer auf unsere Webseite zugreifen oder diese besuchen wird Ihre IP-Adresse, Beginn sowie Beginn und Ende der Sitzung erfasst. Dies ist technisch bedingt und stellt somit ein berechtigtes Interesse iSv Art 6 Abs 1 lit f DSGVO.<\/p>\n<p>Kontakt mit uns<\/p>\n<p>Wenn Sie uns, entweder \u00fcber unser Kontaktformular auf unserer Webseite, oder per Email kontaktieren, dann werden die von Ihnen an uns \u00fcbermittelten Daten zwecks Bearbeitung Ihrer Anfrage oder f\u00fcr den Fall von weiteren Anschlussfragen f\u00fcr sechs Monate bei uns gespeichert. Es erfolgt, ohne Ihre Einwilligung, keine Weitergabe Ihrer \u00fcbermittelten Daten.<\/p>\n<p>Google Fonts<br>Unsere Website verwendet Schriftarten von \u201eGoogle Fonts\u201c. Der Dienstanbieter dieser Funktion ist:<\/p>\n<p>Google Ireland Limited Gordon House, Barrow Street Dublin 4. Ireland<br>Tel: +353 1 543 1000<\/p>\n<p>Beim Aufrufen dieser Webseite l\u00e4dt Ihr Browser Schriftarten und speichert diese in den Cache. Da Sie, als Besucher der Webseite, Daten des Dienstanbieters empfangen kann Google unter Umst\u00e4nden Cookies auf Ihrem Rechner setzen oder analysieren.<\/p>\n<p>Die Nutzung von \u201eGoogle-Fonts\u201c dient der Optimierung unserer Dienstleistung und der einheitlichen Darstellung von Inhalten. Dies stellt ein berechtigtes Interesse im Sinne von Art. 6 Abs. 1 lit. f DSGVO dar.<\/p>\n<p>Weitere Informationen zu Google Fonts erhalten Sie unter folgendem Link:<\/p>\n<p>https:\/\/developers.google.com\/fonts\/faq<br>Weitere Informationen \u00fcber den Umgang mit Nutzerdaten von Google k\u00f6nnen Sie der Datenschutzerkl\u00e4rung entnehmen:<\/p>\n<p>https:\/\/policies.google.com\/privacy?hl=de .<br>Google verarbeitet die Daten auch in den USA, hat sich jedoch dem<br>EU-US Privacy-Shield unterworfen.<\/p>\n<p>https:\/\/www.privacyshield.gov\/EU-US-Framework<\/p>\n<p>Ihre Rechte als Betroffener<br>Sie als Betroffener haben bez\u00fcglich Ihrer Daten, welche bei uns gespeichert sind grunds\u00e4tzlich ein Recht auf:<\/p>\n<p>Auskunft<br>L\u00f6schung der Daten<br>Berichtigung der Daten<br>\u00dcbertragbarkeit der Daten<br>Wiederruf und Widerspruch zur Datenverarbeitung<br>Einschr\u00e4nkung<br>Wenn sie vermuten, dass im Zuge der Verarbeitung Ihrer Daten Verst\u00f6\u00dfe gegen das Datenschutzrecht passiert sind, so haben Sie die M\u00f6glichkeit sich bei uns (bernard.semin@w-einkehr.at) oder der Datenschutzbeh\u00f6rde zu beschweren.<\/p>\n<p>Sie erreichen uns unter folgenden Kontaktdaten:<br>Webseitenbetreiber: Bacchus Weinbar FlexCo<br>Telefonnummer:&nbsp;<a href=\"tel:+43-660-5406200\" style=\"background-color: rgb(4, 39, 38); color: var(--qode-paragraph-color); font-family: jost; text-align: center;\">+43-660-5406200<\/a><br>Email: bernard.semin@w-einkehr.at<\/p>\n<p>Quelle: Datenschutzgenerator \u00d6sterreich DSGVO<\/p>\n<h4><strong>KONTAKT MIT UNS<\/strong><\/h4>\n<p>Wenn Sie per Formular auf der Website oder per E-Mail Kontakt mit uns aufnehmen, werden Ihre angegebenen Daten zwecks Bearbeitung der Anfrage und f\u00fcr den Fall von Anschlussfragen sechs Monate bei uns gespeichert. Diese Daten geben wir nicht ohne Ihre Einwilligung weiter.<\/p>\n<h4><strong>DATENSPEICHERUNG<\/strong><\/h4>\n<p>Wir weisen darauf hin, dass zum Zweck des einfacheren Vorganges der Tischreservierungen und Weinbestellung und zur sp\u00e4teren Vertragsabwicklung vom -Betreiber im Rahmen von Cookies die IP-Daten des Anschlussinhabers gespeichert werden, ebenso wie Name, Anschrift und Lieferadresse, Telefonnummer f\u00fcr Zustelldienst, etc., des K\u00e4ufers.<br>Die von Ihnen bereit gestellten Daten sind zur Vertragserf\u00fcllung bzw. zur Durchf\u00fchrung vorvertraglicher Ma\u00dfnahmen erforderlich. Ohne diese Daten k\u00f6nnen wir den Vertrag mit Ihnen nicht abschlie\u00dfen. Eine Daten\u00fcbermittlung an Dritte erfolgt nicht, mit Ausnahme der \u00dcbermittlung an das von uns beauftragte Transportunternehmen\/Versandunternehmen zur Zustellung der Ware sowie an unseren Steuerberater zur Erf\u00fcllung unserer steuerrechtlichen Verpflichtungen.<br>Nach Abbruch des Einkaufsvorganges werden die bei uns gespeicherten Daten gel\u00f6scht. Im Falle eines Vertragsabschlusses werden s\u00e4mtliche Daten aus dem Vertragsverh\u00e4ltnis bis zum Ablauf der steuerrechtlichen Aufbewahrungsfrist (7 Jahre) gespeichert.<br>Die Datenverarbeitung erfolgt auf Basis der gesetzlichen Bestimmungen des \u00a7 96 Abs 3 TKG sowie des Art 6 Abs 1 lit. a (Einwilligung) und\/oder lit. b (notwendig zur Vertragserf\u00fcllung) der DSGVO.<\/p>\n<h4><strong>COOKIES<\/strong><\/h4>\n<p>Unsere Website verwendet so genannte Cookies. Dabei handelt es sich um kleine Textdateien, die mit Hilfe des Browsers auf Ihrem Endger\u00e4t abgelegt werden. Sie richten keinen Schaden an.<br>Wir nutzen Cookies dazu, unser Angebot nutzerfreundlich zu gestalten. Einige Cookies bleiben auf Ihrem Endger\u00e4t gespeichert, bis Sie diese l\u00f6schen. Sie erm\u00f6glichen es uns, Ihren Browser beim n\u00e4chsten Besuch wiederzuerkennen.<br>Wenn Sie dies nicht w\u00fcnschen, so k\u00f6nnen Sie Ihren Browser so einrichten, dass er Sie \u00fcber das Setzen von Cookies informiert und Sie dies nur im Einzelfall erlauben.<br>Bei der Deaktivierung von Cookies kann die Funktionalit\u00e4t unserer Website eingeschr\u00e4nkt sein.<\/p>\n<p><b>&nbsp; <\/b>Ihnen stehen grunds\u00e4tzlich die Rechte auf Auskunft, Berichtigung, L\u00f6schung, Einschr\u00e4nkung, Daten\u00fcbertragbarkeit, Widerruf und Widerspruch zu. Wenn Sie glauben, dass die Verarbeitung Ihrer Daten gegen das Datenschutzrecht verst\u00f6\u00dft oder Ihre datenschutzrechtlichen Anspr\u00fcche sonst in einer Weise verletzt worden sind, k\u00f6nnen Sie sich bei der Aufsichtsbeh\u00f6rde beschweren. In \u00d6sterreich ist dies die Datenschutzbeh\u00f6rde.<\/p>\n<p>Sie erreichen uns unter folgenden Kontaktdaten:<br>Bacchus Weinbar Flexco<br>Sch\u00f6nlaterngasse 13<br>1010 Wien<br>Austria<br>Telefon +43 660 540 62 00<br>www.w-einkehr.at&nbsp;<\/p>\t\t\t\t\t\t\t\t<\/div>\n\t\t\t\t\t<\/div>\n\t\t\t\t<\/div>\n\t\t\t\t<\/div>","protected":false},"excerpt":{"rendered":"<p>Impressum: HAFTUNGSHINWEIS Kontaktdaten Bacchus Weinbar FlexCo Firmenbuchnummer: 624163mTelefon:&nbsp;&nbsp; +43 660 540 62 00Web:&nbsp;&nbsp;&nbsp;&nbsp;&nbsp;&nbsp;&nbsp; www.w-einkehr.atRechtsform: FlexcoGesch\u00e4ftsf\u00fchrer:&nbsp; Bernard SeminSonstige Informationen nach \u00a714 UGBUnternehmensstandort: 1010 Wien, Sch\u00f6nlaterngasse 13Postanschrift: 1010 Wien, Sch\u00f6nlaterngasse 13Mitglied der Wirtschaftskammer Wien Offenlegung gem\u00e4\u00df \u00a725 MediengesetzVinothek W-einkehrFirmensitz (Ort der Hauptniederlassung) \u00d6sterreich, 1010 Wien, Sch\u00f6nlaterngasse 13Unternehmensgegenstand Weinhandel -Weinbar* Bitte beachten Sie bei Telefon- und Faxnummern die [&hellip;]<\/p>\n","protected":false},"author":1,"featured_media":0,"parent":0,"menu_order":0,"comment_status":"closed","ping_status":"closed","template":"","meta":{"footnotes":""},"class_list":["post-12019","page","type-page","status-publish","hentry"],"_links":{"self":[{"href":"https:\/\/w-einkehr.at\/en\/wp-json\/wp\/v2\/pages\/12019","targetHints":{"allow":["GET"]}}],"collection":[{"href":"https:\/\/w-einkehr.at\/en\/wp-json\/wp\/v2\/pages"}],"about":[{"href":"https:\/\/w-einkehr.at\/en\/wp-json\/wp\/v2\/types\/page"}],"author":[{"embeddable":true,"href":"https:\/\/w-einkehr.at\/en\/wp-json\/wp\/v2\/users\/1"}],"replies":[{"embeddable":true,"href":"https:\/\/w-einkehr.at\/en\/wp-json\/wp\/v2\/comments?post=12019"}],"version-history":[{"count":37,"href":"https:\/\/w-einkehr.at\/en\/wp-json\/wp\/v2\/pages\/12019\/revisions"}],"predecessor-version":[{"id":13934,"href":"https:\/\/w-einkehr.at\/en\/wp-json\/wp\/v2\/pages\/12019\/revisions\/13934"}],"wp:attachment":[{"href":"https:\/\/w-einkehr.at\/en\/wp-json\/wp\/v2\/media?parent=12019"}],"curies":[{"name":"wp","href":"https:\/\/api.w.org\/{rel}","templated":true}]}}